{"id":244,"date":"2026-03-13T00:18:04","date_gmt":"2026-03-12T23:18:04","guid":{"rendered":"https:\/\/stage.quinto.io\/impressum\/"},"modified":"2026-03-19T12:32:43","modified_gmt":"2026-03-19T11:32:43","slug":"impressum","status":"publish","type":"page","link":"https:\/\/quinto.io\/de\/impressum\/","title":{"rendered":"Impressum"},"content":{"rendered":"<div class=\"et_pb_section_0 et_pb_section et_section_regular et_flex_section\">\n<div class=\"et_pb_row_0 et_pb_row et_flex_row preset--module--divi-row--default\">\n<div class=\"et_pb_column_0 et_pb_column et-last-child et_flex_column et_pb_css_mix_blend_mode_passthrough et_flex_column_24_24 et_flex_column_24_24_tablet et_flex_column_24_24_phone\">\n<div class=\"et_pb_text_0 et_pb_text et_pb_bg_layout_light et_pb_module et_flex_module preset--group--divi-text--divi-font-header--h1y3ko5--default preset--module--divi-text--default\"><div class=\"et_pb_text_inner\"><div style=\"word-wrap: break-word;\"><h1>Impressum<\/h1>\r\n\r\n<p>Quinto Solutions OHG<br \/>\r\nAm Ahornhof 1<br \/>\r\n92421 Schwandorf<\/p>\r\n\r\n<p>Handelsregister: HRA 4068<br \/>\r\nRegistergericht: Amtsgericht Amberg<\/p>\r\n\r\n<p><strong>Vertreten durch:<\/strong><br \/>\r\nRobert Lihm, David Nagy<\/p>\r\n\r\n<h2>Kontakt<\/h2>\r\n<p>Telefon: +49 (0) 9431 - 99 86 86 9<br \/>\r\nE-Mail: hallo@quinto.io<\/p>\r\n\r\n<h2>Umsatzsteuer-ID<\/h2>\r\n<p>Umsatzsteuer-Identifikationsnummer gem\u00e4\u00df \u00a7 27 a Umsatzsteuergesetz:<br \/>\r\nDE456991062<\/p>\r\n\r\n<h2>Angaben zur Berufs\u00adhaftpflicht\u00adversicherung<\/h2>\r\n<p><strong>Name und Sitz des Versicherers:<\/strong><br \/>\r\nN\u00dcRNBERGER Versicherung<br \/>\r\nOstendstra\u00dfe 100<br \/>\r\n90334 N\u00fcrnberg<\/p>\r\n<p><strong>Geltungsraum der Versicherung:<\/strong><br \/>Deutschland<\/p>\r\n\r\n<h2>Redaktionell verantwortlich<\/h2>\r\n<p>Robert Lihm, David Nagy<br \/>\r\nAmAhornhif 1<br \/>\r\n92421 Schwandorf<\/p>\r\n\r\n<h2>Verbraucher\u00adstreit\u00adbeilegung\/Universal\u00adschlichtungs\u00adstelle<\/h2>\r\n<p>Wir sind nicht bereit oder verpflichtet, an Streitbeilegungsverfahren vor einer Verbraucherschlichtungsstelle teilzunehmen.<\/p>\r\n\r\n<h2>Zentrale Kontaktstelle nach dem Digital Services Act - DSA (Verordnung (EU) 2022\/265)<\/h2>\r\n<p>Unsere zentrale Kontaktstelle f\u00fcr Nutzer und Beh\u00f6rden nach Art. 11, 12 DSA erreichen Sie wie folgt:<\/p>\r\n<p>E-Mail: hallo@quinto.io<br \/>\r\nTelefon: 09431 - 9986868\r\n<\/p>\r\n<p>Sonstige Kontaktwege:<br \/>\r\nQuinto Solutions OHG<br \/>\r\nAm Ahornhof 1<br \/>\r\n92421 Schwandorf<\/p>\r\n<p>Die f\u00fcr den Kontakt zur Verf\u00fcgung stehenden Sprachen sind: Deutsch, Englisch, Franz\u00f6sisch, Tschechisch, Slowakisch, Latein.<\/p><\/div>\n<\/div><\/div>\n<\/div>\n<\/div>\n<\/div>","protected":false},"excerpt":{"rendered":"","protected":false},"author":1,"featured_media":0,"parent":0,"menu_order":0,"comment_status":"closed","ping_status":"closed","template":"","meta":{"inline_featured_image":false,"footnotes":""},"class_list":["post-244","page","type-page","status-publish","hentry"],"_links":{"self":[{"href":"https:\/\/quinto.io\/de\/wp-json\/wp\/v2\/pages\/244","targetHints":{"allow":["GET"]}}],"collection":[{"href":"https:\/\/quinto.io\/de\/wp-json\/wp\/v2\/pages"}],"about":[{"href":"https:\/\/quinto.io\/de\/wp-json\/wp\/v2\/types\/page"}],"author":[{"embeddable":true,"href":"https:\/\/quinto.io\/de\/wp-json\/wp\/v2\/users\/1"}],"replies":[{"embeddable":true,"href":"https:\/\/quinto.io\/de\/wp-json\/wp\/v2\/comments?post=244"}],"version-history":[{"count":2,"href":"https:\/\/quinto.io\/de\/wp-json\/wp\/v2\/pages\/244\/revisions"}],"predecessor-version":[{"id":246,"href":"https:\/\/quinto.io\/de\/wp-json\/wp\/v2\/pages\/244\/revisions\/246"}],"wp:attachment":[{"href":"https:\/\/quinto.io\/de\/wp-json\/wp\/v2\/media?parent=244"}],"curies":[{"name":"wp","href":"https:\/\/api.w.org\/{rel}","templated":true}]}}